{"id":12860,"date":"2024-06-27T15:37:32","date_gmt":"2024-06-27T13:37:32","guid":{"rendered":"https:\/\/www.citieffe.com\/?page_id=12860"},"modified":"2024-06-28T10:05:49","modified_gmt":"2024-06-28T08:05:49","slug":"eventos-noticias","status":"publish","type":"page","link":"https:\/\/www.citieffe.com\/es\/eventos-noticias\/","title":{"rendered":"Eventos &#038; Noticias"},"content":{"rendered":"<p><div class=\"fusion-fullwidth fullwidth-box fusion-builder-row-1 fusion-flex-container has-pattern-background has-mask-background fusion-parallax-none nonhundred-percent-fullwidth non-hundred-percent-height-scrolling\" style=\"--awb-border-radius-top-left:0px;--awb-border-radius-top-right:0px;--awb-border-radius-bottom-right:0px;--awb-border-radius-bottom-left:0px;--awb-padding-top:100px;--awb-padding-bottom:100px;--awb-margin-bottom:80px;--awb-background-image:url(&quot;https:\/\/www.citieffe.com\/wp-content\/uploads\/2021\/03\/news_hero.jpg&quot;);--awb-background-size:cover;--awb-flex-wrap:wrap;\" ><div class=\"fusion-builder-row fusion-row fusion-flex-align-items-flex-start fusion-flex-content-wrap\" style=\"max-width:1081.6px;margin-left: calc(-4% \/ 2 );margin-right: calc(-4% \/ 2 );\"><div class=\"fusion-layout-column fusion_builder_column fusion-builder-column-0 fusion_builder_column_1_1 1_1 fusion-flex-column\" style=\"--awb-bg-size:cover;--awb-width-large:100%;--awb-margin-top-large:0px;--awb-spacing-right-large:1.92%;--awb-margin-bottom-large:0px;--awb-spacing-left-large:1.92%;--awb-width-medium:100%;--awb-spacing-right-medium:1.92%;--awb-spacing-left-medium:1.92%;--awb-width-small:100%;--awb-spacing-right-small:1.92%;--awb-spacing-left-small:1.92%;\"><div class=\"fusion-column-wrapper fusion-flex-justify-content-flex-start fusion-content-layout-column\"><div class=\"fusion-title title fusion-title-1 fusion-sep-none fusion-title-center fusion-title-text fusion-title-size-one\"><h1 class=\"fusion-title-heading title-heading-center fusion-responsive-typography-calculated\" style=\"margin:0;text-transform:uppercase;--fontSize:60;line-height:1;\">Calendario de eventos<\/h1><\/div><\/div><\/div><\/div><\/div><div class=\"fusion-fullwidth fullwidth-box fusion-builder-row-2 fusion-flex-container has-pattern-background has-mask-background nonhundred-percent-fullwidth non-hundred-percent-height-scrolling\" style=\"--awb-border-radius-top-left:0px;--awb-border-radius-top-right:0px;--awb-border-radius-bottom-right:0px;--awb-border-radius-bottom-left:0px;--awb-margin-bottom:80px;--awb-flex-wrap:wrap;\" ><div class=\"fusion-builder-row fusion-row fusion-flex-align-items-flex-start fusion-flex-content-wrap\" style=\"max-width:1081.6px;margin-left: calc(-4% \/ 2 );margin-right: calc(-4% \/ 2 );\"><div class=\"fusion-layout-column fusion_builder_column fusion-builder-column-1 fusion_builder_column_1_1 1_1 fusion-flex-column\" style=\"--awb-bg-size:cover;--awb-width-large:100%;--awb-margin-top-large:0px;--awb-spacing-right-large:1.92%;--awb-margin-bottom-large:0px;--awb-spacing-left-large:1.92%;--awb-width-medium:100%;--awb-spacing-right-medium:1.92%;--awb-spacing-left-medium:1.92%;--awb-width-small:100%;--awb-spacing-right-small:1.92%;--awb-spacing-left-small:1.92%;\"><div class=\"fusion-column-wrapper fusion-flex-justify-content-flex-start fusion-content-layout-column\"><div class=\"fusion-text fusion-text-1\">\n\n\n<div id=\"wpv-view-layout-11893\" class=\"js-wpv-view-layout js-wpv-layout-responsive js-wpv-view-layout-11893\" data-viewnumber=\"11893\" data-pagination=\"{&quot;id&quot;:11893,&quot;query&quot;:&quot;normal&quot;,&quot;type&quot;:&quot;disabled&quot;,&quot;effect&quot;:&quot;fade&quot;,&quot;duration&quot;:500,&quot;speed&quot;:5,&quot;pause_on_hover&quot;:&quot;enabled&quot;,&quot;stop_rollover&quot;:&quot;false&quot;,&quot;cache_pages&quot;:&quot;enabled&quot;,&quot;preload_images&quot;:&quot;enabled&quot;,&quot;preload_pages&quot;:&quot;enabled&quot;,&quot;preload_reach&quot;:1,&quot;spinner&quot;:&quot;builtin&quot;,&quot;spinner_image&quot;:&quot;https:\/\/www.citieffe.com\/wp-content\/plugins\/wp-views\/embedded\/res\/img\/ajax-loader.gif&quot;,&quot;callback_next&quot;:&quot;&quot;,&quot;manage_history&quot;:&quot;disabled&quot;,&quot;has_controls_in_form&quot;:&quot;disabled&quot;,&quot;infinite_tolerance&quot;:&quot;0&quot;,&quot;max_pages&quot;:0,&quot;page&quot;:1,&quot;base_permalink&quot;:&quot;\/es\/wp-json\/wp\/v2\/pages\/12860?wpv_view_count=11893&amp;wpv_paged=WPV_PAGE_NUM&quot;,&quot;loop&quot;:{&quot;type&quot;:&quot;&quot;,&quot;name&quot;:&quot;&quot;,&quot;data&quot;:[],&quot;id&quot;:0}}\" data-permalink=\"\/es\/wp-json\/wp\/v2\/pages\/12860?wpv_view_count=11893\">\n\n\t\n\t\n\t\t<p align=\"center\"><strong>No hay eventos disponibles<\/strong><\/p>\n\t\n\t<div class=\"text-center mt-5\">\n<a class=\"button-large button-default\" href=\"\/es\/eventos-archivados\/\" id='link-archivio-eventi'>Eventos archivados<\/a>\n  <\/div>\n<\/div>\n<\/div><\/div><\/div><\/div><\/div><div class=\"fusion-fullwidth fullwidth-box fusion-builder-row-3 fusion-flex-container hundred-percent-fullwidth non-hundred-percent-height-scrolling\" style=\"--awb-border-radius-top-left:0px;--awb-border-radius-top-right:0px;--awb-border-radius-bottom-right:0px;--awb-border-radius-bottom-left:0px;--awb-padding-top:30px;--awb-padding-right:5%;--awb-padding-bottom:80px;--awb-padding-left:5%;--awb-padding-right-medium:40px;--awb-padding-left-medium:40px;--awb-flex-wrap:wrap;\" ><div class=\"fusion-builder-row fusion-row fusion-flex-align-items-stretch fusion-flex-justify-content-center fusion-flex-content-wrap\" style=\"width:104% !important;max-width:104% !important;margin-left: calc(-4% \/ 2 );margin-right: calc(-4% \/ 2 );\"><div class=\"fusion-layout-column fusion_builder_column fusion-builder-column-2 fusion_builder_column_1_1 1_1 fusion-flex-column\" style=\"--awb-bg-size:cover;--awb-width-large:100%;--awb-margin-top-large:0px;--awb-spacing-right-large:1.92%;--awb-margin-bottom-large:0px;--awb-spacing-left-large:1.92%;--awb-width-medium:100%;--awb-order-medium:0;--awb-spacing-right-medium:1.92%;--awb-spacing-left-medium:1.92%;--awb-width-small:100%;--awb-order-small:0;--awb-spacing-right-small:1.92%;--awb-spacing-left-small:1.92%;\"><div class=\"fusion-column-wrapper fusion-column-has-shadow fusion-flex-justify-content-center fusion-content-layout-column\"><div class=\"fusion-title title fusion-title-2 fusion-sep-none fusion-title-center fusion-title-text fusion-title-size-two\" style=\"--awb-margin-top:0px;--awb-margin-bottom:0px;\"><h2 class=\"fusion-title-heading title-heading-center fusion-responsive-typography-calculated\" style=\"margin:0;text-transform:uppercase;--fontSize:60;line-height:1.2;\">Noticias<\/h2><\/div><div class=\"fusion-separator fusion-full-width-sep\" style=\"align-self: center;margin-left: auto;margin-right: auto;margin-bottom:40px;width:100%;\"><\/div><div class=\"fusion-text fusion-text-2 fusion-no-small-visibility fusion-no-medium-visibility\">\n\n\n\n\t\n\t\n\t<div id=\"carouselPostsControls\" class=\"carousel slide\" data-ride=\"carousel\"><!-- Open Wrapper -->\n      <div class=\"carousel-inner\">\n     \n        \n        <div class='carousel-item active'>\n          <div class=\"row justify-content-between news-container\"><!-- Open Row -->\n            <div class=\"card card-news text-white col-5\">\n                <div class=\"card-body\">\n                  <h6 class=\"card-subtitle mb-2 text-uppercase\">9 de febrero de 2026<\/h6>\n                  <h4 class=\"card-title mb-4\">EBA ONE SINGLE LAG SCREW NAILING SYSTEM EXPANDS ITS NAIL RANGE IN THE U.S. MARKET<\/h4>\n                  <div class=\"card-text mb-5\"><p>We are proud to expand the Eba One Single Lag Screw nailing system for the U.S. market with the introduction of the Eba One Medium nail, further completing the Eba One nail range.<\/p>\n<\/div>\n                  <p class=\"card-text mt-5 text-uppercase\"><a href=\"https:\/\/www.citieffe.com\/es\/eba-one-single-lag-screw-nailing-system-expands-its-nail-range-in-the-us-market\/\"><u>Lee mas<\/u> &gt;<\/a><\/p>\n                <\/div>\n              <\/div>\n        \n        \n            <div class=\"card card-news text-white col-5\">\n                <div class=\"card-body\">\n                  <h6 class=\"card-subtitle mb-2 text-uppercase\">21 de marzo de 2025<\/h6>\n                  <h4 class=\"card-title mb-4\">Cuatro d\u00edas de conexiones e innovaci\u00f3n en #AAOS2025<\/h4>\n                  <div class=\"card-text mb-5\"><p>La edici\u00f3n 2025 de AAOS (American Academy Orthopaedic Surgeons) Annual meeting ha llegado a su fin <\/p>\n<\/div>\n                  <p class=\"card-text mt-5 text-uppercase\"><a href=\"https:\/\/www.citieffe.com\/es\/aaos2025\/\"><u>Lee mas<\/u> &gt;<\/a><\/p>\n                <\/div>\n              <\/div>\n          \n        <\/div><\/div><!-- Close Row -->\n        \n        \n        <div class='carousel-item '>\n          <div class=\"row justify-content-between news-container\"><!-- Open Row -->\n            <div class=\"card card-news text-white col-5\">\n                <div class=\"card-body\">\n                  <h6 class=\"card-subtitle mb-2 text-uppercase\">11 de octubre de 2024<\/h6>\n                  <h4 class=\"card-title mb-4\">\u00c9xito y gran participaci\u00f3n de Citieffe en el Congreso anual italiano \u201816\u00ba Trauma Meeting\u2019 2024 (2-4 de octubre)<\/h4>\n                  <div class=\"card-text mb-5\"><p>Fue una edici\u00f3n muy exitosa y la participaci\u00f3n de Citieffe en el evento m\u00e1s importante del a\u00f1o para los traumat\u00f3logos italianos, que cont\u00f3 con casi 2000 miembros.<\/p>\n<\/div>\n                  <p class=\"card-text mt-5 text-uppercase\"><a href=\"https:\/\/www.citieffe.com\/es\/exito-y-gran-participacion-de-citieffe-en-el-congreso-anual-italiano-16o-trauma-meeting-2024-2-4-de-octubre\/\"><u>Lee mas<\/u> &gt;<\/a><\/p>\n                <\/div>\n              <\/div>\n        \n        \n            <div class=\"card card-news text-white col-5\">\n                <div class=\"card-body\">\n                  <h6 class=\"card-subtitle mb-2 text-uppercase\">11 de octubre de 2024<\/h6>\n                  <h4 class=\"card-title mb-4\">Eba One aterriza en Brasil<\/h4>\n                  <div class=\"card-text mb-5\"><p>Eba One \u2018aterriz\u00f3\u2019 en Brasil con un exitoso evento de nuestra distribuidora Bone Surgical<\/p>\n<\/div>\n                  <p class=\"card-text mt-5 text-uppercase\"><a href=\"https:\/\/www.citieffe.com\/es\/eba-one-aterriza-en-brasil\/\"><u>Lee mas<\/u> &gt;<\/a><\/p>\n                <\/div>\n              <\/div>\n          \n        <\/div><\/div><!-- Close Row -->\n        \n        \n        <div class='carousel-item '>\n          <div class=\"row justify-content-between news-container\"><!-- Open Row -->\n            <div class=\"card card-news text-white col-5\">\n                <div class=\"card-body\">\n                  <h6 class=\"card-subtitle mb-2 text-uppercase\">14 de junio de 2024<\/h6>\n                  <h4 class=\"card-title mb-4\">5\u00b0 CONVENTION &#8211; 55\u00b0 Congreso Nacional de Traumat\u00f3logos Ortop\u00e9dicos de Italia \u00abInnovaciones en Ortopedia y Traumatolog\u00eda\u00bb<\/h4>\n                  <div class=\"card-text mb-5\"><p>Los d\u00edas 13 y 14 de junio de 2024 estaremos presentes en el 5\u00b0 CONVENTION PROGRAMMATICA\u00a0&#8211; 55\u00b0 Congresso Nazionale OTODI &#8211; Ortopedici Traumatologi Ospedalieri d&#8217;Italia \u00abInnovazioni In Ortopedia e Traumatologia\u00bb<\/p>\n<\/div>\n                  <p class=\"card-text mt-5 text-uppercase\"><a href=\"https:\/\/www.citieffe.com\/es\/5-convention-programmatica-55-congresso-nazionale-otodi-ortopedici-traumatologi-ospedalieri-ditalia-innovazioni-in-ortopedia-e-traumatologia\/\"><u>Lee mas<\/u> &gt;<\/a><\/p>\n                <\/div>\n              <\/div>\n        \n        \n            <div class=\"card card-news text-white col-5\">\n                <div class=\"card-body\">\n                  <h6 class=\"card-subtitle mb-2 text-uppercase\">6 de junio de 2024<\/h6>\n                  <h4 class=\"card-title mb-4\">Publication of the EstreMo nailing system study &#8211; Lo Scalpello Journal<\/h4>\n                  <div class=\"card-text mb-5\"><p>Publication of the study \u00abIntramedullary tibial nailing: percutaneous suprapatellar approach with the knee in semi-extended position and the EstreMO nail. The Italian contribution\u00bb.<\/p>\n<\/div>\n                  <p class=\"card-text mt-5 text-uppercase\"><a href=\"https:\/\/www.citieffe.com\/es\/publication-of-the-estremo-nailing-system-study\/\"><u>Lee mas<\/u> &gt;<\/a><\/p>\n                <\/div>\n              <\/div>\n          \n        <\/div><\/div><!-- Close Row -->\n        \n        \n        <div class='carousel-item '>\n          <div class=\"row justify-content-between news-container\"><!-- Open Row -->\n            <div class=\"card card-news text-white col-5\">\n                <div class=\"card-body\">\n                  <h6 class=\"card-subtitle mb-2 text-uppercase\">10 de mayo de 2024<\/h6>\n                  <h4 class=\"card-title mb-4\">Dry lab fijaci\u00f3n interna: tratamiento de fracturas de miembros superiores e inferiores con enclavado intramedular<\/h4>\n                  <div class=\"card-text mb-5\"><p>10 de mayo, \u00a1el segundo evento de formaci\u00f3n \u00abMade in Citieffe\u00bb!<\/p>\n<\/div>\n                  <p class=\"card-text mt-5 text-uppercase\"><a href=\"https:\/\/www.citieffe.com\/es\/fijacion-interna-tratamiento-de-fracturas-de-miembros-superiores-e-inferiores-con-enclavado-intramedular\/\"><u>Lee mas<\/u> &gt;<\/a><\/p>\n                <\/div>\n              <\/div>\n        \n        \n            <div class=\"card card-news text-white col-5\">\n                <div class=\"card-body\">\n                  <h6 class=\"card-subtitle mb-2 text-uppercase\">10 de mayo de 2024<\/h6>\n                  <h4 class=\"card-title mb-4\">Special guest en Citieffe desde M\u00e9xico<\/h4>\n                  <div class=\"card-text mb-5\"><p>Ha sido un placer recibir a nuestros clientes de M\u00e9xico en nuestras instalaciones y compartir con ellos nuestra pasi\u00f3n por la innovaci\u00f3n y la calidad.<\/p>\n<\/div>\n                  <p class=\"card-text mt-5 text-uppercase\"><a href=\"https:\/\/www.citieffe.com\/es\/special-guest-en-citieffe-desde-mexico\/\"><u>Lee mas<\/u> &gt;<\/a><\/p>\n                <\/div>\n              <\/div>\n          \n        <\/div><\/div><!-- Close Row -->\n        \n\n    <\/div>\n\t\t<a class=\"carousel-control-prev\" href=\"#carouselPostsControls\" role=\"button\" data-slide=\"prev\">\n          <span class=\"carousel-control-prev-icon\" aria-hidden=\"true\"><\/span>\n          <span class=\"sr-only\">Previous<\/span>\n        <\/a>\n        <a class=\"carousel-control-next\" href=\"#carouselPostsControls\" role=\"button\" data-slide=\"next\">\n          <span class=\"carousel-control-next-icon\" aria-hidden=\"true\"><\/span>\n          <span class=\"sr-only\">Next<\/span>\n        <\/a>\n<\/div><!-- Close wrapper -->\n    \n\t\n\t\n\n\n<\/div><div class=\"fusion-text fusion-text-3 fusion-no-large-visibility\">\n\n\n\n\t\n\t<div id=\"carouselPostsControls\" class=\"carousel slide\" data-ride=\"carousel\">\n      <div class=\"carousel-inner\">\n\t\n\t\t\n          <div class='carousel-item active'>\n            <div class=\"row justify-content-center news-container\">\n             <div class=\"card card-news text-white col-12\">\n                <div class=\"card-body\">\n                  <h6 class=\"card-subtitle mb-2 text-uppercase\">9 de febrero de 2026<\/h6>\n                  <h4 class=\"card-title mb-4\">EBA ONE SINGLE LAG SCREW NAILING SYSTEM EXPANDS ITS NAIL RANGE IN THE U.S. MARKET<\/h4>\n                  <div class=\"card-text mb-5\"><p>We are proud to expand the Eba One Single Lag Screw nailing system for the U.S. market with the introduction of the Eba One Medium nail, further completing the Eba One nail range.<\/p>\n<\/div>\n                  <p class=\"card-text mt-5 text-uppercase\"><a href=\"https:\/\/www.citieffe.com\/es\/eba-one-single-lag-screw-nailing-system-expands-its-nail-range-in-the-us-market\/\"><u>Lee mas<\/u> &gt;<\/a><\/p>\n                <\/div>\n              <\/div>\n             <\/div>\n            <\/div>\n\t\t\n          <div class='carousel-item '>\n            <div class=\"row justify-content-center news-container\">\n             <div class=\"card card-news text-white col-12\">\n                <div class=\"card-body\">\n                  <h6 class=\"card-subtitle mb-2 text-uppercase\">21 de marzo de 2025<\/h6>\n                  <h4 class=\"card-title mb-4\">Cuatro d\u00edas de conexiones e innovaci\u00f3n en #AAOS2025<\/h4>\n                  <div class=\"card-text mb-5\"><p>La edici\u00f3n 2025 de AAOS (American Academy Orthopaedic Surgeons) Annual meeting ha llegado a su fin <\/p>\n<\/div>\n                  <p class=\"card-text mt-5 text-uppercase\"><a href=\"https:\/\/www.citieffe.com\/es\/aaos2025\/\"><u>Lee mas<\/u> &gt;<\/a><\/p>\n                <\/div>\n              <\/div>\n             <\/div>\n            <\/div>\n\t\t\n          <div class='carousel-item '>\n            <div class=\"row justify-content-center news-container\">\n             <div class=\"card card-news text-white col-12\">\n                <div class=\"card-body\">\n                  <h6 class=\"card-subtitle mb-2 text-uppercase\">11 de octubre de 2024<\/h6>\n                  <h4 class=\"card-title mb-4\">\u00c9xito y gran participaci\u00f3n de Citieffe en el Congreso anual italiano \u201816\u00ba Trauma Meeting\u2019 2024 (2-4 de octubre)<\/h4>\n                  <div class=\"card-text mb-5\"><p>Fue una edici\u00f3n muy exitosa y la participaci\u00f3n de Citieffe en el evento m\u00e1s importante del a\u00f1o para los traumat\u00f3logos italianos, que cont\u00f3 con casi 2000 miembros.<\/p>\n<\/div>\n                  <p class=\"card-text mt-5 text-uppercase\"><a href=\"https:\/\/www.citieffe.com\/es\/exito-y-gran-participacion-de-citieffe-en-el-congreso-anual-italiano-16o-trauma-meeting-2024-2-4-de-octubre\/\"><u>Lee mas<\/u> &gt;<\/a><\/p>\n                <\/div>\n              <\/div>\n             <\/div>\n            <\/div>\n\t\t\n          <div class='carousel-item '>\n            <div class=\"row justify-content-center news-container\">\n             <div class=\"card card-news text-white col-12\">\n                <div class=\"card-body\">\n                  <h6 class=\"card-subtitle mb-2 text-uppercase\">11 de octubre de 2024<\/h6>\n                  <h4 class=\"card-title mb-4\">Eba One aterriza en Brasil<\/h4>\n                  <div class=\"card-text mb-5\"><p>Eba One \u2018aterriz\u00f3\u2019 en Brasil con un exitoso evento de nuestra distribuidora Bone Surgical<\/p>\n<\/div>\n                  <p class=\"card-text mt-5 text-uppercase\"><a href=\"https:\/\/www.citieffe.com\/es\/eba-one-aterriza-en-brasil\/\"><u>Lee mas<\/u> &gt;<\/a><\/p>\n                <\/div>\n              <\/div>\n             <\/div>\n            <\/div>\n\t\t\n          <div class='carousel-item '>\n            <div class=\"row justify-content-center news-container\">\n             <div class=\"card card-news text-white col-12\">\n                <div class=\"card-body\">\n                  <h6 class=\"card-subtitle mb-2 text-uppercase\">14 de junio de 2024<\/h6>\n                  <h4 class=\"card-title mb-4\">5\u00b0 CONVENTION &#8211; 55\u00b0 Congreso Nacional de Traumat\u00f3logos Ortop\u00e9dicos de Italia \u00abInnovaciones en Ortopedia y Traumatolog\u00eda\u00bb<\/h4>\n                  <div class=\"card-text mb-5\"><p>Los d\u00edas 13 y 14 de junio de 2024 estaremos presentes en el 5\u00b0 CONVENTION PROGRAMMATICA\u00a0&#8211; 55\u00b0 Congresso Nazionale OTODI &#8211; Ortopedici Traumatologi Ospedalieri d&#8217;Italia \u00abInnovazioni In Ortopedia e Traumatologia\u00bb<\/p>\n<\/div>\n                  <p class=\"card-text mt-5 text-uppercase\"><a href=\"https:\/\/www.citieffe.com\/es\/5-convention-programmatica-55-congresso-nazionale-otodi-ortopedici-traumatologi-ospedalieri-ditalia-innovazioni-in-ortopedia-e-traumatologia\/\"><u>Lee mas<\/u> &gt;<\/a><\/p>\n                <\/div>\n              <\/div>\n             <\/div>\n            <\/div>\n\t\t\n          <div class='carousel-item '>\n            <div class=\"row justify-content-center news-container\">\n             <div class=\"card card-news text-white col-12\">\n                <div class=\"card-body\">\n                  <h6 class=\"card-subtitle mb-2 text-uppercase\">6 de junio de 2024<\/h6>\n                  <h4 class=\"card-title mb-4\">Publication of the EstreMo nailing system study &#8211; Lo Scalpello Journal<\/h4>\n                  <div class=\"card-text mb-5\"><p>Publication of the study \u00abIntramedullary tibial nailing: percutaneous suprapatellar approach with the knee in semi-extended position and the EstreMO nail. The Italian contribution\u00bb.<\/p>\n<\/div>\n                  <p class=\"card-text mt-5 text-uppercase\"><a href=\"https:\/\/www.citieffe.com\/es\/publication-of-the-estremo-nailing-system-study\/\"><u>Lee mas<\/u> &gt;<\/a><\/p>\n                <\/div>\n              <\/div>\n             <\/div>\n            <\/div>\n\t\t\n          <div class='carousel-item '>\n            <div class=\"row justify-content-center news-container\">\n             <div class=\"card card-news text-white col-12\">\n                <div class=\"card-body\">\n                  <h6 class=\"card-subtitle mb-2 text-uppercase\">10 de mayo de 2024<\/h6>\n                  <h4 class=\"card-title mb-4\">Dry lab fijaci\u00f3n interna: tratamiento de fracturas de miembros superiores e inferiores con enclavado intramedular<\/h4>\n                  <div class=\"card-text mb-5\"><p>10 de mayo, \u00a1el segundo evento de formaci\u00f3n \u00abMade in Citieffe\u00bb!<\/p>\n<\/div>\n                  <p class=\"card-text mt-5 text-uppercase\"><a href=\"https:\/\/www.citieffe.com\/es\/fijacion-interna-tratamiento-de-fracturas-de-miembros-superiores-e-inferiores-con-enclavado-intramedular\/\"><u>Lee mas<\/u> &gt;<\/a><\/p>\n                <\/div>\n              <\/div>\n             <\/div>\n            <\/div>\n\t\t\n          <div class='carousel-item '>\n            <div class=\"row justify-content-center news-container\">\n             <div class=\"card card-news text-white col-12\">\n                <div class=\"card-body\">\n                  <h6 class=\"card-subtitle mb-2 text-uppercase\">10 de mayo de 2024<\/h6>\n                  <h4 class=\"card-title mb-4\">Special guest en Citieffe desde M\u00e9xico<\/h4>\n                  <div class=\"card-text mb-5\"><p>Ha sido un placer recibir a nuestros clientes de M\u00e9xico en nuestras instalaciones y compartir con ellos nuestra pasi\u00f3n por la innovaci\u00f3n y la calidad.<\/p>\n<\/div>\n                  <p class=\"card-text mt-5 text-uppercase\"><a href=\"https:\/\/www.citieffe.com\/es\/special-guest-en-citieffe-desde-mexico\/\"><u>Lee mas<\/u> &gt;<\/a><\/p>\n                <\/div>\n              <\/div>\n             <\/div>\n            <\/div>\n\t\t\n\t\n      <\/div>\n      \t<a class=\"carousel-control-prev\" href=\"#carouselPostsControls\" role=\"button\" data-slide=\"prev\">\n          <span class=\"carousel-control-prev-icon\" aria-hidden=\"true\"><\/span>\n          <span class=\"sr-only\">Previous<\/span>\n        <\/a>\n        <a class=\"carousel-control-next\" href=\"#carouselPostsControls\" role=\"button\" data-slide=\"next\">\n          <span class=\"carousel-control-next-icon\" aria-hidden=\"true\"><\/span>\n          <span class=\"sr-only\">Next<\/span>\n        <\/a>\n      <\/div>\n\t\n\t\n\n\n<\/div><div class=\"fusion-separator fusion-full-width-sep\" style=\"align-self: center;margin-left: auto;margin-right: auto;margin-bottom:40px;width:100%;\"><\/div><div style=\"text-align:center;\"><a class=\"fusion-button button-flat button-xlarge button-default fusion-button-default button-1 fusion-button-default-span fusion-button-default-type\" target=\"_self\" href=\"https:\/\/www.citieffe.com\/es\/news\/\"><span class=\"fusion-button-text awb-button__text awb-button__text--default\">Todas las noticias<\/span><\/a><\/div><\/div><\/div><\/div><\/div><\/p>\n","protected":false},"excerpt":{"rendered":"","protected":false},"author":4,"featured_media":0,"parent":0,"menu_order":0,"comment_status":"closed","ping_status":"closed","template":"100-width.php","meta":{"footnotes":""},"class_list":["post-12860","page","type-page","status-publish","hentry"],"_links":{"self":[{"href":"https:\/\/www.citieffe.com\/es\/wp-json\/wp\/v2\/pages\/12860","targetHints":{"allow":["GET"]}}],"collection":[{"href":"https:\/\/www.citieffe.com\/es\/wp-json\/wp\/v2\/pages"}],"about":[{"href":"https:\/\/www.citieffe.com\/es\/wp-json\/wp\/v2\/types\/page"}],"author":[{"embeddable":true,"href":"https:\/\/www.citieffe.com\/es\/wp-json\/wp\/v2\/users\/4"}],"replies":[{"embeddable":true,"href":"https:\/\/www.citieffe.com\/es\/wp-json\/wp\/v2\/comments?post=12860"}],"version-history":[{"count":5,"href":"https:\/\/www.citieffe.com\/es\/wp-json\/wp\/v2\/pages\/12860\/revisions"}],"predecessor-version":[{"id":12982,"href":"https:\/\/www.citieffe.com\/es\/wp-json\/wp\/v2\/pages\/12860\/revisions\/12982"}],"wp:attachment":[{"href":"https:\/\/www.citieffe.com\/es\/wp-json\/wp\/v2\/media?parent=12860"}],"curies":[{"name":"wp","href":"https:\/\/api.w.org\/{rel}","templated":true}]}}