{"id":15064,"date":"2025-07-21T11:31:51","date_gmt":"2025-07-21T09:31:51","guid":{"rendered":"https:\/\/www.citieffe.com\/?page_id=15064"},"modified":"2025-07-21T11:31:51","modified_gmt":"2025-07-21T09:31:51","slug":"mas-productos","status":"publish","type":"page","link":"https:\/\/www.citieffe.com\/es\/mas-productos\/","title":{"rendered":"M\u00e1s Productos"},"content":{"rendered":"\n\n\n<div id=\"wpv-view-layout-14450\" class=\"js-wpv-view-layout js-wpv-layout-responsive js-wpv-view-layout-14450\" data-viewnumber=\"14450\" data-pagination=\"{&quot;id&quot;:14450,&quot;query&quot;:&quot;normal&quot;,&quot;type&quot;:&quot;disabled&quot;,&quot;effect&quot;:&quot;fade&quot;,&quot;duration&quot;:500,&quot;speed&quot;:5,&quot;pause_on_hover&quot;:&quot;enabled&quot;,&quot;stop_rollover&quot;:&quot;false&quot;,&quot;cache_pages&quot;:&quot;enabled&quot;,&quot;preload_images&quot;:&quot;enabled&quot;,&quot;preload_pages&quot;:&quot;enabled&quot;,&quot;preload_reach&quot;:1,&quot;spinner&quot;:&quot;builtin&quot;,&quot;spinner_image&quot;:&quot;https:\/\/www.citieffe.com\/wp-content\/plugins\/wp-views\/embedded\/res\/img\/ajax-loader.gif&quot;,&quot;callback_next&quot;:&quot;&quot;,&quot;manage_history&quot;:&quot;disabled&quot;,&quot;has_controls_in_form&quot;:&quot;disabled&quot;,&quot;infinite_tolerance&quot;:&quot;0&quot;,&quot;max_pages&quot;:0,&quot;page&quot;:1,&quot;base_permalink&quot;:&quot;\/es\/wp-json\/wp\/v2\/pages\/15064?wpv_view_count=14450&amp;wpv_paged=WPV_PAGE_NUM&quot;,&quot;loop&quot;:{&quot;type&quot;:&quot;&quot;,&quot;name&quot;:&quot;&quot;,&quot;data&quot;:[],&quot;id&quot;:0}}\" data-permalink=\"\/es\/wp-json\/wp\/v2\/pages\/15064?wpv_view_count=14450\">\n\n\t\n\t\n\t\t\n          <div class=\"pt-5\" id=\"cambre\">\n          <h4>Grapas<\/h4>\n          \n\n\n<div id=\"wpv-view-layout-14451-CATTRf7e6c7a33f57d0a6678fe03f877d127c\" class=\"js-wpv-view-layout js-wpv-layout-responsive js-wpv-view-layout-14451-CATTRf7e6c7a33f57d0a6678fe03f877d127c\" data-viewnumber=\"14451-CATTRf7e6c7a33f57d0a6678fe03f877d127c\" data-pagination=\"{&quot;id&quot;:14451,&quot;query&quot;:&quot;normal&quot;,&quot;type&quot;:&quot;disabled&quot;,&quot;effect&quot;:&quot;fade&quot;,&quot;duration&quot;:500,&quot;speed&quot;:5,&quot;pause_on_hover&quot;:&quot;enabled&quot;,&quot;stop_rollover&quot;:&quot;false&quot;,&quot;cache_pages&quot;:&quot;enabled&quot;,&quot;preload_images&quot;:&quot;enabled&quot;,&quot;preload_pages&quot;:&quot;enabled&quot;,&quot;preload_reach&quot;:1,&quot;spinner&quot;:&quot;builtin&quot;,&quot;spinner_image&quot;:&quot;https:\/\/www.citieffe.com\/wp-content\/plugins\/wp-views\/embedded\/res\/img\/ajax-loader.gif&quot;,&quot;callback_next&quot;:&quot;&quot;,&quot;manage_history&quot;:&quot;disabled&quot;,&quot;has_controls_in_form&quot;:&quot;disabled&quot;,&quot;infinite_tolerance&quot;:&quot;0&quot;,&quot;max_pages&quot;:0,&quot;page&quot;:1,&quot;base_permalink&quot;:&quot;\/es\/wp-json\/wp\/v2\/pages\/15064?wpv_view_count=14451-CATTRf7e6c7a33f57d0a6678fe03f877d127c&amp;wpv_paged=WPV_PAGE_NUM&quot;,&quot;loop&quot;:{&quot;type&quot;:&quot;&quot;,&quot;name&quot;:&quot;&quot;,&quot;data&quot;:&#091;&#093;,&quot;id&quot;:0}}\" data-permalink=\"\/es\/wp-json\/wp\/v2\/pages\/15064?wpv_view_count=14451-CATTRf7e6c7a33f57d0a6678fe03f877d127c\">\n\n\t\n\t\n\t\t\n          <h5><a href=\"https:\/\/www.citieffe.com\/wp-content\/uploads\/2025\/06\/Allegato-1.2-TC-010F-Cambre.pdf\" target=\"_blank\"><i class=\"fas fa-file-download fa-lg\"><\/i> T\u00e9cnica quir\u00fargica italiana<\/a><\/h5>\n\t\t\n          <h5><a href=\"https:\/\/www.citieffe.com\/wp-content\/uploads\/2025\/06\/Allegato-2.2-IFU-Cambre.pdf\" target=\"_blank\"><i class=\"fas fa-file-download fa-lg\"><\/i> Instrucciones de uso<\/a><\/h5>\n\t\t\n\t\n\t\n\t\n<\/div>\n\n          <\/div>\n\t\t\n          <div class=\"pt-5\" id=\"strumenti-invasivi-non-sterili\">\n          <h4>Instrumentos invasivos no est\u00e9riles<\/h4>\n          \n\n\n<div id=\"wpv-view-layout-14451-CATTRa6049cb34414399a164f8dd20da7c694\" class=\"js-wpv-view-layout js-wpv-layout-responsive js-wpv-view-layout-14451-CATTRa6049cb34414399a164f8dd20da7c694\" data-viewnumber=\"14451-CATTRa6049cb34414399a164f8dd20da7c694\" data-pagination=\"{&quot;id&quot;:14451,&quot;query&quot;:&quot;normal&quot;,&quot;type&quot;:&quot;disabled&quot;,&quot;effect&quot;:&quot;fade&quot;,&quot;duration&quot;:500,&quot;speed&quot;:5,&quot;pause_on_hover&quot;:&quot;enabled&quot;,&quot;stop_rollover&quot;:&quot;false&quot;,&quot;cache_pages&quot;:&quot;enabled&quot;,&quot;preload_images&quot;:&quot;enabled&quot;,&quot;preload_pages&quot;:&quot;enabled&quot;,&quot;preload_reach&quot;:1,&quot;spinner&quot;:&quot;builtin&quot;,&quot;spinner_image&quot;:&quot;https:\/\/www.citieffe.com\/wp-content\/plugins\/wp-views\/embedded\/res\/img\/ajax-loader.gif&quot;,&quot;callback_next&quot;:&quot;&quot;,&quot;manage_history&quot;:&quot;disabled&quot;,&quot;has_controls_in_form&quot;:&quot;disabled&quot;,&quot;infinite_tolerance&quot;:&quot;0&quot;,&quot;max_pages&quot;:0,&quot;page&quot;:1,&quot;base_permalink&quot;:&quot;\/es\/wp-json\/wp\/v2\/pages\/15064?wpv_view_count=14451-CATTRa6049cb34414399a164f8dd20da7c694&amp;wpv_paged=WPV_PAGE_NUM&quot;,&quot;loop&quot;:{&quot;type&quot;:&quot;&quot;,&quot;name&quot;:&quot;&quot;,&quot;data&quot;:&#091;&#093;,&quot;id&quot;:0}}\" data-permalink=\"\/es\/wp-json\/wp\/v2\/pages\/15064?wpv_view_count=14451-CATTRa6049cb34414399a164f8dd20da7c694\">\n\n\t\n\t\n\t\t\n          <h5><a href=\"https:\/\/www.citieffe.com\/wp-content\/uploads\/2026\/03\/MI-09R5-rev.0.1-Strumenti-chirurgici-IR.pdf\" target=\"_blank\"><i class=\"fas fa-file-download fa-lg\"><\/i> Instrucciones de uso<\/a><\/h5>\n\t\t\n          <h5><a href=\"https:\/\/www.citieffe.com\/wp-content\/uploads\/2025\/09\/CG004-rev.1IT-strumentario.pdf\" target=\"_blank\"><i class=\"fas fa-file-download fa-lg\"><\/i> Cat\u00e1logo de instrumentos quir\u00fargicos - IT<\/a><\/h5>\n\t\t\n\t\n\t\n\t\n<\/div>\n\n          <\/div>\n\t\t\n          <div class=\"pt-5\" id=\"estremo-sistema-di-inchiodamento-per-tibia-e-femore\">\n          <h4>ESTREMO &#8211; Sistema di inchiodamento per tibia e femore<\/h4>\n          \n\n\n<div id=\"wpv-view-layout-14451-CATTR6f6d90e750ba14021b80c0a9dca83b13\" class=\"js-wpv-view-layout js-wpv-layout-responsive js-wpv-view-layout-14451-CATTR6f6d90e750ba14021b80c0a9dca83b13\" data-viewnumber=\"14451-CATTR6f6d90e750ba14021b80c0a9dca83b13\" data-pagination=\"{&quot;id&quot;:14451,&quot;query&quot;:&quot;normal&quot;,&quot;type&quot;:&quot;disabled&quot;,&quot;effect&quot;:&quot;fade&quot;,&quot;duration&quot;:500,&quot;speed&quot;:5,&quot;pause_on_hover&quot;:&quot;enabled&quot;,&quot;stop_rollover&quot;:&quot;false&quot;,&quot;cache_pages&quot;:&quot;enabled&quot;,&quot;preload_images&quot;:&quot;enabled&quot;,&quot;preload_pages&quot;:&quot;enabled&quot;,&quot;preload_reach&quot;:1,&quot;spinner&quot;:&quot;builtin&quot;,&quot;spinner_image&quot;:&quot;https:\/\/www.citieffe.com\/wp-content\/plugins\/wp-views\/embedded\/res\/img\/ajax-loader.gif&quot;,&quot;callback_next&quot;:&quot;&quot;,&quot;manage_history&quot;:&quot;disabled&quot;,&quot;has_controls_in_form&quot;:&quot;disabled&quot;,&quot;infinite_tolerance&quot;:&quot;0&quot;,&quot;max_pages&quot;:0,&quot;page&quot;:1,&quot;base_permalink&quot;:&quot;\/es\/wp-json\/wp\/v2\/pages\/15064?wpv_view_count=14451-CATTR6f6d90e750ba14021b80c0a9dca83b13&amp;wpv_paged=WPV_PAGE_NUM&quot;,&quot;loop&quot;:{&quot;type&quot;:&quot;&quot;,&quot;name&quot;:&quot;&quot;,&quot;data&quot;:&#091;&#093;,&quot;id&quot;:0}}\" data-permalink=\"\/es\/wp-json\/wp\/v2\/pages\/15064?wpv_view_count=14451-CATTR6f6d90e750ba14021b80c0a9dca83b13\">\n\n\t\n\t\n\t\t<strong>No items found<\/strong>\n\t\n<\/div>\n\n          <\/div>\n\t\t\n          <div class=\"pt-5\" id=\"viti-ossee\">\n          <h4>Tornillos \u00f3seos<\/h4>\n          \n\n\n<div id=\"wpv-view-layout-14451-CATTR0e7f6774b38097955a0647fa39204ec0\" class=\"js-wpv-view-layout js-wpv-layout-responsive js-wpv-view-layout-14451-CATTR0e7f6774b38097955a0647fa39204ec0\" data-viewnumber=\"14451-CATTR0e7f6774b38097955a0647fa39204ec0\" data-pagination=\"{&quot;id&quot;:14451,&quot;query&quot;:&quot;normal&quot;,&quot;type&quot;:&quot;disabled&quot;,&quot;effect&quot;:&quot;fade&quot;,&quot;duration&quot;:500,&quot;speed&quot;:5,&quot;pause_on_hover&quot;:&quot;enabled&quot;,&quot;stop_rollover&quot;:&quot;false&quot;,&quot;cache_pages&quot;:&quot;enabled&quot;,&quot;preload_images&quot;:&quot;enabled&quot;,&quot;preload_pages&quot;:&quot;enabled&quot;,&quot;preload_reach&quot;:1,&quot;spinner&quot;:&quot;builtin&quot;,&quot;spinner_image&quot;:&quot;https:\/\/www.citieffe.com\/wp-content\/plugins\/wp-views\/embedded\/res\/img\/ajax-loader.gif&quot;,&quot;callback_next&quot;:&quot;&quot;,&quot;manage_history&quot;:&quot;disabled&quot;,&quot;has_controls_in_form&quot;:&quot;disabled&quot;,&quot;infinite_tolerance&quot;:&quot;0&quot;,&quot;max_pages&quot;:0,&quot;page&quot;:1,&quot;base_permalink&quot;:&quot;\/es\/wp-json\/wp\/v2\/pages\/15064?wpv_view_count=14451-CATTR0e7f6774b38097955a0647fa39204ec0&amp;wpv_paged=WPV_PAGE_NUM&quot;,&quot;loop&quot;:{&quot;type&quot;:&quot;&quot;,&quot;name&quot;:&quot;&quot;,&quot;data&quot;:&#091;&#093;,&quot;id&quot;:0}}\" data-permalink=\"\/es\/wp-json\/wp\/v2\/pages\/15064?wpv_view_count=14451-CATTR0e7f6774b38097955a0647fa39204ec0\">\n\n\t\n\t\n\t\t\n          <h5><a href=\"https:\/\/www.citieffe.com\/wp-content\/uploads\/2025\/09\/Allegato-1.2-TC-001A-Viti-ossee.pdf\" target=\"_blank\"><i class=\"fas fa-file-download fa-lg\"><\/i> T\u00e9cnica quir\u00fargica italiana<\/a><\/h5>\n\t\t\n          <h5><a href=\"https:\/\/www.citieffe.com\/wp-content\/uploads\/2025\/09\/Allegato-1.4-BR-001A-Viti-ossee.pdf\" target=\"_blank\"><i class=\"fas fa-file-download fa-lg\"><\/i> Brochure italiana<\/a><\/h5>\n\t\t\n          <h5><a href=\"https:\/\/www.citieffe.com\/wp-content\/uploads\/2025\/09\/Allegato-2.3-IFU-Viti-ossee.pdf\" target=\"_blank\"><i class=\"fas fa-file-download fa-lg\"><\/i> Instrucciones de uso<\/a><\/h5>\n\t\t\n\t\n\t\n\t\n<\/div>\n\n          <\/div>\n\t\t\n          <div class=\"pt-5\" id=\"strumenti-sterili-non-invasivi-sterili-invasivi-e-non-sterili-invasivi-a-motore\">\n          <h4>Instrumentos no invasivos est\u00e9riles, instrumentos invasivos est\u00e9riles y instrumentos invasivos motorizados no est\u00e9riles<\/h4>\n          \n\n\n<div id=\"wpv-view-layout-14451-CATTR3fb510f2ab2b44aed54da79c568ecc3b\" class=\"js-wpv-view-layout js-wpv-layout-responsive js-wpv-view-layout-14451-CATTR3fb510f2ab2b44aed54da79c568ecc3b\" data-viewnumber=\"14451-CATTR3fb510f2ab2b44aed54da79c568ecc3b\" data-pagination=\"{&quot;id&quot;:14451,&quot;query&quot;:&quot;normal&quot;,&quot;type&quot;:&quot;disabled&quot;,&quot;effect&quot;:&quot;fade&quot;,&quot;duration&quot;:500,&quot;speed&quot;:5,&quot;pause_on_hover&quot;:&quot;enabled&quot;,&quot;stop_rollover&quot;:&quot;false&quot;,&quot;cache_pages&quot;:&quot;enabled&quot;,&quot;preload_images&quot;:&quot;enabled&quot;,&quot;preload_pages&quot;:&quot;enabled&quot;,&quot;preload_reach&quot;:1,&quot;spinner&quot;:&quot;builtin&quot;,&quot;spinner_image&quot;:&quot;https:\/\/www.citieffe.com\/wp-content\/plugins\/wp-views\/embedded\/res\/img\/ajax-loader.gif&quot;,&quot;callback_next&quot;:&quot;&quot;,&quot;manage_history&quot;:&quot;disabled&quot;,&quot;has_controls_in_form&quot;:&quot;disabled&quot;,&quot;infinite_tolerance&quot;:&quot;0&quot;,&quot;max_pages&quot;:0,&quot;page&quot;:1,&quot;base_permalink&quot;:&quot;\/es\/wp-json\/wp\/v2\/pages\/15064?wpv_view_count=14451-CATTR3fb510f2ab2b44aed54da79c568ecc3b&amp;wpv_paged=WPV_PAGE_NUM&quot;,&quot;loop&quot;:{&quot;type&quot;:&quot;&quot;,&quot;name&quot;:&quot;&quot;,&quot;data&quot;:&#091;&#093;,&quot;id&quot;:0}}\" data-permalink=\"\/es\/wp-json\/wp\/v2\/pages\/15064?wpv_view_count=14451-CATTR3fb510f2ab2b44aed54da79c568ecc3b\">\n\n\t\n\t\n\t\t\n          <h5><a href=\"https:\/\/www.citieffe.com\/wp-content\/uploads\/2025\/09\/MI-09R-rev.8.2-Strumenti-monouso-e-invasivi-riutilizzabili-a-motore-1.pdf\" target=\"_blank\"><i class=\"fas fa-file-download fa-lg\"><\/i> Instrucciones de uso<\/a><\/h5>\n\t\t\n          <h5><a href=\"https:\/\/www.citieffe.com\/wp-content\/uploads\/2025\/09\/CG004-rev.1IT-strumentario.pdf\" target=\"_blank\"><i class=\"fas fa-file-download fa-lg\"><\/i> Cat\u00e1logo de instrumentos quir\u00fargicos - IT<\/a><\/h5>\n\t\t\n\t\n\t\n\t\n<\/div>\n\n          <\/div>\n\t\t\n          <div class=\"pt-5\" id=\"strumenti-non-invasivi-non-sterili\">\n          <h4>Instrumentos no invasivos no est\u00e9riles<\/h4>\n          \n\n\n<div id=\"wpv-view-layout-14451-CATTR771d5a25e5b1eb4292c8264b9bd1baec\" class=\"js-wpv-view-layout js-wpv-layout-responsive js-wpv-view-layout-14451-CATTR771d5a25e5b1eb4292c8264b9bd1baec\" data-viewnumber=\"14451-CATTR771d5a25e5b1eb4292c8264b9bd1baec\" data-pagination=\"{&quot;id&quot;:14451,&quot;query&quot;:&quot;normal&quot;,&quot;type&quot;:&quot;disabled&quot;,&quot;effect&quot;:&quot;fade&quot;,&quot;duration&quot;:500,&quot;speed&quot;:5,&quot;pause_on_hover&quot;:&quot;enabled&quot;,&quot;stop_rollover&quot;:&quot;false&quot;,&quot;cache_pages&quot;:&quot;enabled&quot;,&quot;preload_images&quot;:&quot;enabled&quot;,&quot;preload_pages&quot;:&quot;enabled&quot;,&quot;preload_reach&quot;:1,&quot;spinner&quot;:&quot;builtin&quot;,&quot;spinner_image&quot;:&quot;https:\/\/www.citieffe.com\/wp-content\/plugins\/wp-views\/embedded\/res\/img\/ajax-loader.gif&quot;,&quot;callback_next&quot;:&quot;&quot;,&quot;manage_history&quot;:&quot;disabled&quot;,&quot;has_controls_in_form&quot;:&quot;disabled&quot;,&quot;infinite_tolerance&quot;:&quot;0&quot;,&quot;max_pages&quot;:0,&quot;page&quot;:1,&quot;base_permalink&quot;:&quot;\/es\/wp-json\/wp\/v2\/pages\/15064?wpv_view_count=14451-CATTR771d5a25e5b1eb4292c8264b9bd1baec&amp;wpv_paged=WPV_PAGE_NUM&quot;,&quot;loop&quot;:{&quot;type&quot;:&quot;&quot;,&quot;name&quot;:&quot;&quot;,&quot;data&quot;:&#091;&#093;,&quot;id&quot;:0}}\" data-permalink=\"\/es\/wp-json\/wp\/v2\/pages\/15064?wpv_view_count=14451-CATTR771d5a25e5b1eb4292c8264b9bd1baec\">\n\n\t\n\t\n\t\t\n          <h5><a href=\"https:\/\/www.citieffe.com\/wp-content\/uploads\/2025\/09\/MI-09R3-rev.0.2-Strumenti-non-sterili-non-invasivi-1.pdf\" target=\"_blank\"><i class=\"fas fa-file-download fa-lg\"><\/i> Instrucciones de uso<\/a><\/h5>\n\t\t\n          <h5><a href=\"https:\/\/www.citieffe.com\/wp-content\/uploads\/2025\/09\/CG004-rev.1IT-strumentario.pdf\" target=\"_blank\"><i class=\"fas fa-file-download fa-lg\"><\/i> Cat\u00e1logo de instrumentos quir\u00fargicos - IT<\/a><\/h5>\n\t\t\n\t\n\t\n\t\n<\/div>\n\n          <\/div>\n\t\t\n          <div class=\"pt-5\" id=\"prodotto-1\">\n          <h4>Alambres de Kirschner<\/h4>\n          \n\n\n<div id=\"wpv-view-layout-14451-CATTR94643cb937dcc5d8681a2aa205a79228\" class=\"js-wpv-view-layout js-wpv-layout-responsive js-wpv-view-layout-14451-CATTR94643cb937dcc5d8681a2aa205a79228\" data-viewnumber=\"14451-CATTR94643cb937dcc5d8681a2aa205a79228\" data-pagination=\"{&quot;id&quot;:14451,&quot;query&quot;:&quot;normal&quot;,&quot;type&quot;:&quot;disabled&quot;,&quot;effect&quot;:&quot;fade&quot;,&quot;duration&quot;:500,&quot;speed&quot;:5,&quot;pause_on_hover&quot;:&quot;enabled&quot;,&quot;stop_rollover&quot;:&quot;false&quot;,&quot;cache_pages&quot;:&quot;enabled&quot;,&quot;preload_images&quot;:&quot;enabled&quot;,&quot;preload_pages&quot;:&quot;enabled&quot;,&quot;preload_reach&quot;:1,&quot;spinner&quot;:&quot;builtin&quot;,&quot;spinner_image&quot;:&quot;https:\/\/www.citieffe.com\/wp-content\/plugins\/wp-views\/embedded\/res\/img\/ajax-loader.gif&quot;,&quot;callback_next&quot;:&quot;&quot;,&quot;manage_history&quot;:&quot;disabled&quot;,&quot;has_controls_in_form&quot;:&quot;disabled&quot;,&quot;infinite_tolerance&quot;:&quot;0&quot;,&quot;max_pages&quot;:0,&quot;page&quot;:1,&quot;base_permalink&quot;:&quot;\/es\/wp-json\/wp\/v2\/pages\/15064?wpv_view_count=14451-CATTR94643cb937dcc5d8681a2aa205a79228&amp;wpv_paged=WPV_PAGE_NUM&quot;,&quot;loop&quot;:{&quot;type&quot;:&quot;&quot;,&quot;name&quot;:&quot;&quot;,&quot;data&quot;:&#091;&#093;,&quot;id&quot;:0}}\" data-permalink=\"\/es\/wp-json\/wp\/v2\/pages\/15064?wpv_view_count=14451-CATTR94643cb937dcc5d8681a2aa205a79228\">\n\n\t\n\t\n\t\t\n          <h5><a href=\"https:\/\/www.citieffe.com\/wp-content\/uploads\/2025\/06\/Allegato-1.2-TC-008I-Fili-di-Kirschner-2.pdf\" target=\"_blank\"><i class=\"fas fa-file-download fa-lg\"><\/i> T\u00e9cnica quir\u00fargica italiana<\/a><\/h5>\n\t\t\n          <h5><a href=\"https:\/\/www.citieffe.com\/wp-content\/uploads\/2025\/09\/Allegato-2.2-IFU-Fili-Kirschner.pdf\" target=\"_blank\"><i class=\"fas fa-file-download fa-lg\"><\/i> Instrucciones de uso<\/a><\/h5>\n\t\t\n\t\n\t\n\t\n<\/div>\n\n          <\/div>\n\t\t\n\t\n\t\n\t\n<\/div>\n\n","protected":false},"excerpt":{"rendered":"","protected":false},"author":4,"featured_media":0,"parent":0,"menu_order":0,"comment_status":"closed","ping_status":"closed","template":"","meta":{"footnotes":""},"class_list":["post-15064","page","type-page","status-publish","hentry"],"_links":{"self":[{"href":"https:\/\/www.citieffe.com\/es\/wp-json\/wp\/v2\/pages\/15064","targetHints":{"allow":["GET"]}}],"collection":[{"href":"https:\/\/www.citieffe.com\/es\/wp-json\/wp\/v2\/pages"}],"about":[{"href":"https:\/\/www.citieffe.com\/es\/wp-json\/wp\/v2\/types\/page"}],"author":[{"embeddable":true,"href":"https:\/\/www.citieffe.com\/es\/wp-json\/wp\/v2\/users\/4"}],"replies":[{"embeddable":true,"href":"https:\/\/www.citieffe.com\/es\/wp-json\/wp\/v2\/comments?post=15064"}],"version-history":[{"count":1,"href":"https:\/\/www.citieffe.com\/es\/wp-json\/wp\/v2\/pages\/15064\/revisions"}],"predecessor-version":[{"id":15065,"href":"https:\/\/www.citieffe.com\/es\/wp-json\/wp\/v2\/pages\/15064\/revisions\/15065"}],"wp:attachment":[{"href":"https:\/\/www.citieffe.com\/es\/wp-json\/wp\/v2\/media?parent=15064"}],"curies":[{"name":"wp","href":"https:\/\/api.w.org\/{rel}","templated":true}]}}