{"id":3803,"date":"2021-03-15T14:46:02","date_gmt":"2021-03-15T13:46:02","guid":{"rendered":"https:\/\/citieffe.lessismore.co.it\/news-eventi\/"},"modified":"2024-06-27T17:17:00","modified_gmt":"2024-06-27T15:17:00","slug":"news","status":"publish","type":"page","link":"https:\/\/www.citieffe.com\/es\/news\/","title":{"rendered":"News"},"content":{"rendered":"<div class=\"fusion-fullwidth fullwidth-box fusion-builder-row-1 fusion-flex-container has-pattern-background has-mask-background hundred-percent-fullwidth non-hundred-percent-height-scrolling\" style=\"--awb-border-radius-top-left:0px;--awb-border-radius-top-right:0px;--awb-border-radius-bottom-right:0px;--awb-border-radius-bottom-left:0px;--awb-padding-top:8%;--awb-padding-right:10vw;--awb-padding-bottom:8%;--awb-padding-left:10vw;--awb-padding-right-medium:40px;--awb-padding-left-medium:40px;--awb-padding-right-small:40px;--awb-padding-left-small:40px;--awb-flex-wrap:wrap;\" ><div class=\"fusion-builder-row fusion-row fusion-flex-align-items-stretch fusion-flex-justify-content-center fusion-flex-content-wrap\" style=\"width:104% !important;max-width:104% !important;margin-left: calc(-4% \/ 2 );margin-right: calc(-4% \/ 2 );\"><div class=\"fusion-layout-column fusion_builder_column fusion-builder-column-0 fusion_builder_column_1_1 1_1 fusion-flex-column\" style=\"--awb-bg-size:cover;--awb-width-large:100%;--awb-margin-top-large:0px;--awb-spacing-right-large:1.92%;--awb-margin-bottom-large:0px;--awb-spacing-left-large:1.92%;--awb-width-medium:100%;--awb-order-medium:0;--awb-spacing-right-medium:1.92%;--awb-spacing-left-medium:1.92%;--awb-width-small:100%;--awb-order-small:0;--awb-spacing-right-small:1.92%;--awb-spacing-left-small:1.92%;\"><div class=\"fusion-column-wrapper fusion-column-has-shadow fusion-flex-justify-content-center fusion-content-layout-column\"><div class=\"fusion-text fusion-text-1\"><form autocomplete=\"off\" name=\"wpv-filter-2716\" action=\"\/es\/wp-json\/wp\/v2\/pages\/3803?wpv_view_count=2716\" method=\"get\" class=\"wpv-filter-form js-wpv-filter-form js-wpv-filter-form-2716 js-wpv-form-full\" data-viewnumber=\"2716\" data-viewid=\"2716\" data-viewhash=\"eyJuYW1lIjoibGlzdGEtYXJ0aWNvbGkifQ==\" data-viewwidgetid=\"0\" data-orderby=\"\" data-order=\"\" data-orderbyas=\"\" data-orderbysecond=\"\" data-ordersecond=\"\" data-parametric=\"{&quot;query&quot;:&quot;normal&quot;,&quot;id&quot;:2716,&quot;view_id&quot;:2716,&quot;widget_id&quot;:0,&quot;view_hash&quot;:&quot;2716&quot;,&quot;action&quot;:&quot;\\\/es\\\/wp-json\\\/wp\\\/v2\\\/pages\\\/3803?wpv_view_count=2716&quot;,&quot;sort&quot;:{&quot;orderby&quot;:&quot;&quot;,&quot;order&quot;:&quot;&quot;,&quot;orderby_as&quot;:&quot;&quot;,&quot;orderby_second&quot;:&quot;&quot;,&quot;order_second&quot;:&quot;&quot;},&quot;orderby&quot;:&quot;&quot;,&quot;order&quot;:&quot;&quot;,&quot;orderby_as&quot;:&quot;&quot;,&quot;orderby_second&quot;:&quot;&quot;,&quot;order_second&quot;:&quot;&quot;,&quot;ajax_form&quot;:&quot;&quot;,&quot;ajax_results&quot;:&quot;&quot;,&quot;effect&quot;:&quot;fade&quot;,&quot;prebefore&quot;:&quot;&quot;,&quot;before&quot;:&quot;&quot;,&quot;after&quot;:&quot;&quot;,&quot;attributes&quot;:[],&quot;environment&quot;:{&quot;current_post_id&quot;:3803,&quot;parent_post_id&quot;:3803,&quot;parent_term_id&quot;:0,&quot;parent_user_id&quot;:0,&quot;archive&quot;:{&quot;type&quot;:&quot;&quot;,&quot;name&quot;:&quot;&quot;,&quot;data&quot;:[]}},&quot;loop&quot;:{&quot;type&quot;:&quot;&quot;,&quot;name&quot;:&quot;&quot;,&quot;data&quot;:[],&quot;id&quot;:0}}\" data-attributes=\"[]\" data-environment=\"{&quot;current_post_id&quot;:3803,&quot;parent_post_id&quot;:3803,&quot;parent_term_id&quot;:0,&quot;parent_user_id&quot;:0,&quot;archive&quot;:{&quot;type&quot;:&quot;&quot;,&quot;name&quot;:&quot;&quot;,&quot;data&quot;:[]}}\"><input type=\"hidden\" class=\"js-wpv-dps-filter-data js-wpv-filter-data-for-this-form\" data-action=\"\/es\/wp-json\/wp\/v2\/pages\/3803?wpv_view_count=2716\" data-page=\"1\" data-ajax=\"disable\" data-effect=\"fade\" data-maxpages=\"10\" data-ajaxprebefore=\"\" data-ajaxbefore=\"\" data-ajaxafter=\"\" \/><input class=\"wpv_view_count wpv_view_count-2716\" type=\"hidden\" name=\"wpv_view_count\" value=\"2716\" \/>\n\n<\/form>\n<div id=\"wpv-view-layout-2716\" class=\"js-wpv-view-layout js-wpv-layout-responsive js-wpv-view-layout-2716\" data-viewnumber=\"2716\" data-pagination=\"{&quot;id&quot;:2716,&quot;query&quot;:&quot;normal&quot;,&quot;type&quot;:&quot;paged&quot;,&quot;effect&quot;:&quot;fade&quot;,&quot;duration&quot;:500,&quot;speed&quot;:5,&quot;pause_on_hover&quot;:&quot;disabled&quot;,&quot;stop_rollover&quot;:&quot;false&quot;,&quot;cache_pages&quot;:&quot;enabled&quot;,&quot;preload_images&quot;:&quot;enabled&quot;,&quot;preload_pages&quot;:&quot;enabled&quot;,&quot;preload_reach&quot;:1,&quot;spinner&quot;:&quot;builtin&quot;,&quot;spinner_image&quot;:&quot;&quot;,&quot;callback_next&quot;:&quot;&quot;,&quot;manage_history&quot;:&quot;disabled&quot;,&quot;has_controls_in_form&quot;:&quot;disabled&quot;,&quot;infinite_tolerance&quot;:0,&quot;max_pages&quot;:10,&quot;page&quot;:1,&quot;base_permalink&quot;:&quot;\/es\/wp-json\/wp\/v2\/pages\/3803?wpv_view_count=2716&amp;wpv_paged=WPV_PAGE_NUM&quot;,&quot;loop&quot;:{&quot;type&quot;:&quot;&quot;,&quot;name&quot;:&quot;&quot;,&quot;data&quot;:[],&quot;id&quot;:0}}\" data-permalink=\"\/es\/wp-json\/wp\/v2\/pages\/3803?wpv_view_count=2716\">\n\n\t\n\t\n\t\t\n         <div class=\"card card-news text-white mb-3\">\n<div class=\"card-body\">\n<h6 class=\"card-subtitle mb-2 text-uppercase\">9 de febrero de 2026<\/h6>\n<h4 class=\"card-title mb-4\">EBA ONE SINGLE LAG SCREW NAILING SYSTEM EXPANDS ITS NAIL RANGE IN THE U.S. MARKET<\/h4>\n<div class=\"card-text mb-5\"><p>We are proud to expand the Eba One Single Lag Screw nailing system for the U.S. market with the introduction of the Eba One Medium nail, further completing the Eba One nail range.<\/p>\n<\/div>\n<p class=\"card-text mt-5 text-uppercase\"><a href=\"https:\/\/www.citieffe.com\/es\/eba-one-single-lag-screw-nailing-system-expands-its-nail-range-in-the-us-market\/\"><u>Lee mas &gt;<\/u><\/a><\/p>\n<\/div>\n<\/div>\n\t\t\n         <div class=\"card card-news text-white mb-3\">\n<div class=\"card-body\">\n<h6 class=\"card-subtitle mb-2 text-uppercase\">21 de marzo de 2025<\/h6>\n<h4 class=\"card-title mb-4\">Cuatro d\u00edas de conexiones e innovaci\u00f3n en #AAOS2025<\/h4>\n<div class=\"card-text mb-5\"><p>La edici\u00f3n 2025 de AAOS (American Academy Orthopaedic Surgeons) Annual meeting ha llegado a su fin <\/p>\n<\/div>\n<p class=\"card-text mt-5 text-uppercase\"><a href=\"https:\/\/www.citieffe.com\/es\/aaos2025\/\"><u>Lee mas &gt;<\/u><\/a><\/p>\n<\/div>\n<\/div>\n\t\t\n         <div class=\"card card-news text-white mb-3\">\n<div class=\"card-body\">\n<h6 class=\"card-subtitle mb-2 text-uppercase\">11 de octubre de 2024<\/h6>\n<h4 class=\"card-title mb-4\">\u00c9xito y gran participaci\u00f3n de Citieffe en el Congreso anual italiano \u201816\u00ba Trauma Meeting\u2019 2024 (2-4 de octubre)<\/h4>\n<div class=\"card-text mb-5\"><p>Fue una edici\u00f3n muy exitosa y la participaci\u00f3n de Citieffe en el evento m\u00e1s importante del a\u00f1o para los traumat\u00f3logos italianos, que cont\u00f3 con casi 2000 miembros.<\/p>\n<\/div>\n<p class=\"card-text mt-5 text-uppercase\"><a href=\"https:\/\/www.citieffe.com\/es\/exito-y-gran-participacion-de-citieffe-en-el-congreso-anual-italiano-16o-trauma-meeting-2024-2-4-de-octubre\/\"><u>Lee mas &gt;<\/u><\/a><\/p>\n<\/div>\n<\/div>\n\t\t\n\t\n<ul class=\"wpv-pagination-nav-links-container js-wpv-pagination-nav-links-container pagination\"><li class=\"wpv-pagination-nav-links-item js-wpv-pagination-nav-links-item page-item wpv-page-link-2716-1 js-wpv-page-link-2716-1 wpv_page_current wpv-pagination-nav-links-item-current active\"><span class=\"wpv-filter-pagination-link page-link\">1<\/span><\/li><li class=\"wpv-pagination-nav-links-item js-wpv-pagination-nav-links-item page-item wpv-page-link-2716-2 js-wpv-page-link-2716-2\"><a class=\"wpv-filter-pagination-link js-wpv-pagination-link page-link\" title=\"2\" href=\"\/es\/wp-json\/wp\/v2\/pages\/3803?wpv_view_count=2716&#038;wpv_paged=2\" data-viewnumber=\"2716\" data-page=\"2\">2<\/a><\/li><li class=\"wpv-pagination-nav-links-item js-wpv-pagination-nav-links-item page-item wpv-page-link-2716-3 js-wpv-page-link-2716-3\"><a class=\"wpv-filter-pagination-link js-wpv-pagination-link page-link\" title=\"3\" href=\"\/es\/wp-json\/wp\/v2\/pages\/3803?wpv_view_count=2716&#038;wpv_paged=3\" data-viewnumber=\"2716\" data-page=\"3\">3<\/a><\/li><li class=\"wpv-pagination-nav-links-item js-wpv-pagination-nav-links-item page-item wpv-page-link-2716-4 js-wpv-page-link-2716-4\"><a class=\"wpv-filter-pagination-link js-wpv-pagination-link page-link\" title=\"4\" href=\"\/es\/wp-json\/wp\/v2\/pages\/3803?wpv_view_count=2716&#038;wpv_paged=4\" data-viewnumber=\"2716\" data-page=\"4\">4<\/a><\/li><li class=\"wpv-pagination-nav-links-item js-wpv-pagination-nav-links-item page-item wpv-page-link-2716-5 js-wpv-page-link-2716-5\"><a class=\"wpv-filter-pagination-link js-wpv-pagination-link page-link\" title=\"5\" href=\"\/es\/wp-json\/wp\/v2\/pages\/3803?wpv_view_count=2716&#038;wpv_paged=5\" data-viewnumber=\"2716\" data-page=\"5\">5<\/a><\/li><li class=\"wpv-pagination-nav-links-item js-wpv-pagination-nav-links-item page-item wpv-page-link-2716-6 js-wpv-page-link-2716-6\"><a class=\"wpv-filter-pagination-link js-wpv-pagination-link page-link\" title=\"6\" href=\"\/es\/wp-json\/wp\/v2\/pages\/3803?wpv_view_count=2716&#038;wpv_paged=6\" data-viewnumber=\"2716\" data-page=\"6\">6<\/a><\/li><li class=\"wpv-pagination-nav-links-item js-wpv-pagination-nav-links-item page-item wpv-page-link-2716-7 js-wpv-page-link-2716-7\"><a class=\"wpv-filter-pagination-link js-wpv-pagination-link page-link\" title=\"7\" href=\"\/es\/wp-json\/wp\/v2\/pages\/3803?wpv_view_count=2716&#038;wpv_paged=7\" data-viewnumber=\"2716\" data-page=\"7\">7<\/a><\/li><li class=\"wpv-pagination-nav-links-item js-wpv-pagination-nav-links-item page-item wpv-page-link-2716-8 js-wpv-page-link-2716-8\"><a class=\"wpv-filter-pagination-link js-wpv-pagination-link page-link\" title=\"8\" href=\"\/es\/wp-json\/wp\/v2\/pages\/3803?wpv_view_count=2716&#038;wpv_paged=8\" data-viewnumber=\"2716\" data-page=\"8\">8<\/a><\/li><li class=\"wpv-pagination-nav-links-item js-wpv-pagination-nav-links-item page-item wpv-page-link-2716-9 js-wpv-page-link-2716-9\"><a class=\"wpv-filter-pagination-link js-wpv-pagination-link page-link\" title=\"9\" href=\"\/es\/wp-json\/wp\/v2\/pages\/3803?wpv_view_count=2716&#038;wpv_paged=9\" data-viewnumber=\"2716\" data-page=\"9\">9<\/a><\/li><li class=\"wpv-pagination-nav-links-item js-wpv-pagination-nav-links-item page-item wpv-page-link-2716-10 js-wpv-page-link-2716-10\"><a class=\"wpv-filter-pagination-link js-wpv-pagination-link page-link\" title=\"10\" href=\"\/es\/wp-json\/wp\/v2\/pages\/3803?wpv_view_count=2716&#038;wpv_paged=10\" data-viewnumber=\"2716\" data-page=\"10\">10<\/a><\/li><li  class=\"page-item\"><a class=\"wpv-filter-next-link js-wpv-pagination-next-link page-link \"  href=\"\/es\/wp-json\/wp\/v2\/pages\/3803?wpv_view_count=2716&#038;wpv_paged=2\"\n\t\t\t\t\tdata-viewnumber=\"2716\" data-page=\"2\">&gt;<\/a><\/li><\/ul>\n\t\n\t\n<\/div>\n\n<\/div><\/div><\/div><\/div><\/div>\n","protected":false},"excerpt":{"rendered":"","protected":false},"author":2,"featured_media":0,"parent":0,"menu_order":0,"comment_status":"closed","ping_status":"closed","template":"100-width.php","meta":{"footnotes":""},"class_list":["post-3803","page","type-page","status-publish","hentry"],"_links":{"self":[{"href":"https:\/\/www.citieffe.com\/es\/wp-json\/wp\/v2\/pages\/3803","targetHints":{"allow":["GET"]}}],"collection":[{"href":"https:\/\/www.citieffe.com\/es\/wp-json\/wp\/v2\/pages"}],"about":[{"href":"https:\/\/www.citieffe.com\/es\/wp-json\/wp\/v2\/types\/page"}],"author":[{"embeddable":true,"href":"https:\/\/www.citieffe.com\/es\/wp-json\/wp\/v2\/users\/2"}],"replies":[{"embeddable":true,"href":"https:\/\/www.citieffe.com\/es\/wp-json\/wp\/v2\/comments?post=3803"}],"version-history":[{"count":5,"href":"https:\/\/www.citieffe.com\/es\/wp-json\/wp\/v2\/pages\/3803\/revisions"}],"predecessor-version":[{"id":12853,"href":"https:\/\/www.citieffe.com\/es\/wp-json\/wp\/v2\/pages\/3803\/revisions\/12853"}],"wp:attachment":[{"href":"https:\/\/www.citieffe.com\/es\/wp-json\/wp\/v2\/media?parent=3803"}],"curies":[{"name":"wp","href":"https:\/\/api.w.org\/{rel}","templated":true}]}}