{"id":3819,"date":"2021-03-02T12:31:35","date_gmt":"2021-03-02T11:31:35","guid":{"rendered":"https:\/\/citieffe.lessismore.co.it\/compliance-aziendale\/"},"modified":"2023-04-06T17:38:03","modified_gmt":"2023-04-06T15:38:03","slug":"cumplimiento-corporativo","status":"publish","type":"page","link":"https:\/\/www.citieffe.com\/es\/cumplimiento-corporativo\/","title":{"rendered":"Cumplimiento\u00a0corporativo"},"content":{"rendered":"<p><div class=\"fusion-bg-parallax\" data-bg-align=\"center center\" data-direction=\"up\" data-mute=\"false\" data-opacity=\"100\" data-velocity=\"-0.3\" data-mobile-enabled=\"true\" data-break_parents=\"0\" data-bg-image=\"https:\/\/www.citieffe.com\/wp-content\/uploads\/2021\/02\/prodotto-download-v1-scaled.jpg\" data-bg-repeat=\"false\" ><\/div><div class=\"fusion-fullwidth fullwidth-box fusion-builder-row-1 fusion-flex-container fusion-parallax-up nonhundred-percent-fullwidth non-hundred-percent-height-scrolling\" style=\"--awb-border-radius-top-left:0px;--awb-border-radius-top-right:0px;--awb-border-radius-bottom-right:0px;--awb-border-radius-bottom-left:0px;--awb-padding-top:8%;--awb-padding-bottom:8%;--awb-background-image:url(&quot;https:\/\/www.citieffe.com\/wp-content\/uploads\/2021\/02\/prodotto-download-v1-scaled.jpg&quot;);--awb-background-size:cover;--awb-flex-wrap:wrap;\" ><div class=\"fusion-builder-row fusion-row fusion-flex-align-items-stretch fusion-flex-justify-content-center fusion-flex-content-wrap\" style=\"max-width:1081.6px;margin-left: calc(-4% \/ 2 );margin-right: calc(-4% \/ 2 );\"><div class=\"fusion-layout-column fusion_builder_column fusion-builder-column-0 fusion_builder_column_1_1 1_1 fusion-flex-column\" style=\"--awb-bg-size:cover;--awb-width-large:100%;--awb-margin-top-large:0px;--awb-spacing-right-large:1.92%;--awb-margin-bottom-large:0px;--awb-spacing-left-large:1.92%;--awb-width-medium:100%;--awb-order-medium:0;--awb-spacing-right-medium:1.92%;--awb-spacing-left-medium:1.92%;--awb-width-small:100%;--awb-order-small:0;--awb-spacing-right-small:1.92%;--awb-spacing-left-small:1.92%;\"><div class=\"fusion-column-wrapper fusion-column-has-shadow fusion-flex-justify-content-center fusion-content-layout-column\"><div class=\"fusion-title title fusion-title-1 fusion-sep-none fusion-title-text fusion-title-size-two text-uppercase\" style=\"--awb-margin-top:0px;\"><h2 class=\"fusion-title-heading title-heading-left fusion-responsive-typography-calculated\" style=\"margin:0;--fontSize:60;line-height:1.2;\"><span class=\"font-outline\">Condiciones <\/span> de uso<\/h2><\/div><div class=\"fusion-text fusion-text-1\"><p>Bienvenido al sitio web de Citieffe.<br \/>\nLa informaci\u00f3n proporcionada en este sitio est\u00e1 destinada exclusivamente para el uso de profesionales de atenci\u00f3n m\u00e9dica.<br \/>\nAl usar este sitio, usted acepta estar sujeto y cumplir con los T\u00e9rminos de uso.<br \/>\nAl acceder o utilizar este sitio, el usuario declara, bajo su propia responsabilidad, estar en posesi\u00f3n de una de las calificaciones para la consulta y conservaci\u00f3n de documentos.<br \/>\nUn profesional de atenci\u00f3n m\u00e9dica siempre debe confiar en su propio juicio cl\u00ednico profesional al decidir si utilizar un producto en particular al tratar a un paciente en particular.<br \/>\nCitieffe no brinda asesoramiento m\u00e9dico y recomienda que los profesionales est\u00e9n capacitados en el uso de cualquier producto en particular antes de usarlo en un procedimiento o cirug\u00eda.<br \/>\nUn profesional de atenci\u00f3n m\u00e9dica siempre debe consultar el prospecto, la etiqueta del producto y \/ o las instrucciones de uso, incluidas las instrucciones de limpieza y esterilizaci\u00f3n (si corresponde), antes de usar cualquier producto Citieffe.<br \/>\nLa informaci\u00f3n presentada est\u00e1 destinada a demostrar las ofertas de productos de Citieffe.<br \/>\nEs posible que los productos no est\u00e9n disponibles en todos los mercados porque la disponibilidad del producto est\u00e1 sujeta a las pr\u00e1cticas reglamentarias y \/ o m\u00e9dicas de los mercados individuales.<br \/>\nComun\u00edquese con su representante de Citieffe si tiene preguntas sobre la disponibilidad de productos espec\u00edficos en su \u00e1rea.<\/p>\n<\/div><\/div><\/div><\/div><\/div><div class=\"fusion-fullwidth fullwidth-box fusion-builder-row-2 fusion-flex-container hundred-percent-fullwidth non-hundred-percent-height-scrolling\" style=\"--awb-border-radius-top-left:0px;--awb-border-radius-top-right:0px;--awb-border-radius-bottom-right:0px;--awb-border-radius-bottom-left:0px;--awb-padding-right:40px;--awb-padding-left:40px;--awb-padding-right-medium:0px;--awb-padding-left-medium:0px;--awb-flex-wrap:wrap;\" ><div class=\"fusion-builder-row fusion-row fusion-flex-align-items-stretch fusion-flex-content-wrap\" style=\"width:104% !important;max-width:104% !important;margin-left: calc(-4% \/ 2 );margin-right: calc(-4% \/ 2 );\"><div class=\"fusion-layout-column fusion_builder_column fusion-builder-column-1 fusion_builder_column_1_2 1_2 fusion-flex-column\" style=\"--awb-bg-position:right top;--awb-bg-size:cover;--awb-width-large:50%;--awb-margin-top-large:0px;--awb-spacing-right-large:0px;--awb-margin-bottom-large:0px;--awb-spacing-left-large:0px;--awb-width-medium:100%;--awb-order-medium:0;--awb-spacing-right-medium:0px;--awb-spacing-left-medium:0px;--awb-width-small:100%;--awb-order-small:0;--awb-spacing-right-small:1.92%;--awb-spacing-left-small:1.92%;\"><div class=\"fusion-column-wrapper fusion-column-has-shadow fusion-flex-justify-content-center fusion-content-layout-column\"><div class=\"fusion-slider-sc fusion-has-margin slider-citieffe\"><div class=\"fusion-flexslider-loading flexslider flexslider-hover-type-none\" data-slideshow_autoplay=\"1\" data-slideshow_smooth_height=\"0\" data-slideshow_speed=\"3000\" style=\"max-width:100%;height:100%;\"><ul class=\"slides\"><li class=\"image\"><span class=\"fusion-image-hover-element hover-type-none\"><img decoding=\"async\" src=\"https:\/\/www.citieffe.com\/wp-content\/uploads\/2021\/04\/compliance_qualita-1_RCX_Citieffe-54.jpg\" width=\"1200\" height=\"1000\" class=\"wp-image-5475\" srcset=\"https:\/\/www.citieffe.com\/wp-content\/uploads\/2021\/04\/compliance_qualita-1_RCX_Citieffe-54-200x167.jpg 200w, https:\/\/www.citieffe.com\/wp-content\/uploads\/2021\/04\/compliance_qualita-1_RCX_Citieffe-54-400x333.jpg 400w, https:\/\/www.citieffe.com\/wp-content\/uploads\/2021\/04\/compliance_qualita-1_RCX_Citieffe-54-600x500.jpg 600w, https:\/\/www.citieffe.com\/wp-content\/uploads\/2021\/04\/compliance_qualita-1_RCX_Citieffe-54-800x667.jpg 800w, https:\/\/www.citieffe.com\/wp-content\/uploads\/2021\/04\/compliance_qualita-1_RCX_Citieffe-54.jpg 1200w\" sizes=\"(max-width: 576px) 100vw, 600px\" \/><\/span><\/li><li class=\"image\"><span class=\"fusion-image-hover-element hover-type-none\"><img decoding=\"async\" src=\"https:\/\/www.citieffe.com\/wp-content\/uploads\/2021\/04\/compliance_qualita-2_RCX_Citieffe-59.jpg\" width=\"1200\" height=\"1000\" class=\"wp-image-5478\" srcset=\"https:\/\/www.citieffe.com\/wp-content\/uploads\/2021\/04\/compliance_qualita-2_RCX_Citieffe-59-200x167.jpg 200w, https:\/\/www.citieffe.com\/wp-content\/uploads\/2021\/04\/compliance_qualita-2_RCX_Citieffe-59-400x333.jpg 400w, https:\/\/www.citieffe.com\/wp-content\/uploads\/2021\/04\/compliance_qualita-2_RCX_Citieffe-59-600x500.jpg 600w, https:\/\/www.citieffe.com\/wp-content\/uploads\/2021\/04\/compliance_qualita-2_RCX_Citieffe-59-800x667.jpg 800w, https:\/\/www.citieffe.com\/wp-content\/uploads\/2021\/04\/compliance_qualita-2_RCX_Citieffe-59.jpg 1200w\" sizes=\"(max-width: 576px) 100vw, 600px\" \/><\/span><\/li><li class=\"image\"><span class=\"fusion-image-hover-element hover-type-none\"><img decoding=\"async\" src=\"https:\/\/www.citieffe.com\/wp-content\/uploads\/2021\/04\/compliance_qualita-3_RCX_Citieffe-70.jpg\" width=\"1200\" height=\"1000\" class=\"wp-image-5481\" srcset=\"https:\/\/www.citieffe.com\/wp-content\/uploads\/2021\/04\/compliance_qualita-3_RCX_Citieffe-70-200x167.jpg 200w, https:\/\/www.citieffe.com\/wp-content\/uploads\/2021\/04\/compliance_qualita-3_RCX_Citieffe-70-400x333.jpg 400w, https:\/\/www.citieffe.com\/wp-content\/uploads\/2021\/04\/compliance_qualita-3_RCX_Citieffe-70-600x500.jpg 600w, https:\/\/www.citieffe.com\/wp-content\/uploads\/2021\/04\/compliance_qualita-3_RCX_Citieffe-70-800x667.jpg 800w, https:\/\/www.citieffe.com\/wp-content\/uploads\/2021\/04\/compliance_qualita-3_RCX_Citieffe-70.jpg 1200w\" sizes=\"(max-width: 576px) 100vw, 600px\" \/><\/span><\/li><li class=\"image\"><span class=\"fusion-image-hover-element hover-type-none\"><img decoding=\"async\" src=\"https:\/\/www.citieffe.com\/wp-content\/uploads\/2021\/04\/compliance_qualita-4_RCX_Citieffe-138.jpg\" width=\"1200\" height=\"1000\" class=\"wp-image-5484\" srcset=\"https:\/\/www.citieffe.com\/wp-content\/uploads\/2021\/04\/compliance_qualita-4_RCX_Citieffe-138-200x167.jpg 200w, https:\/\/www.citieffe.com\/wp-content\/uploads\/2021\/04\/compliance_qualita-4_RCX_Citieffe-138-400x333.jpg 400w, https:\/\/www.citieffe.com\/wp-content\/uploads\/2021\/04\/compliance_qualita-4_RCX_Citieffe-138-600x500.jpg 600w, https:\/\/www.citieffe.com\/wp-content\/uploads\/2021\/04\/compliance_qualita-4_RCX_Citieffe-138-800x667.jpg 800w, https:\/\/www.citieffe.com\/wp-content\/uploads\/2021\/04\/compliance_qualita-4_RCX_Citieffe-138.jpg 1200w\" sizes=\"(max-width: 576px) 100vw, 600px\" \/><\/span><\/li><\/ul><\/div><\/div><\/div><\/div><div class=\"fusion-layout-column fusion_builder_column fusion-builder-column-2 fusion_builder_column_1_2 1_2 fusion-flex-column\" style=\"--awb-padding-top:10%;--awb-padding-right:15%;--awb-padding-bottom:10%;--awb-padding-left:15%;--awb-padding-right-medium:58px;--awb-padding-left-medium:58px;--awb-padding-right-small:40px;--awb-padding-left-small:40px;--awb-bg-color:#000000;--awb-bg-color-hover:#000000;--awb-bg-size:cover;--awb-width-large:50%;--awb-margin-top-large:0px;--awb-spacing-right-large:0px;--awb-margin-bottom-large:0px;--awb-spacing-left-large:0px;--awb-width-medium:100%;--awb-order-medium:0;--awb-spacing-right-medium:0px;--awb-spacing-left-medium:0px;--awb-width-small:100%;--awb-order-small:0;--awb-spacing-right-small:1.92%;--awb-spacing-left-small:1.92%;\"><div class=\"fusion-column-wrapper fusion-column-has-shadow fusion-flex-justify-content-center fusion-content-layout-column\"><div class=\"fusion-title title fusion-title-2 fusion-sep-none fusion-title-text fusion-title-size-three text-uppercase\" style=\"--awb-margin-top:0px;\"><h3 class=\"fusion-title-heading title-heading-left fusion-responsive-typography-calculated\" style=\"margin:0;--fontSize:46;line-height:1.2;\">Sistema de Gesti\u00f3n de Calidad<\/h3><\/div><div class=\"fusion-text fusion-text-2\"><p>El Sistema de Gesti\u00f3n de Calidad Citieffe cumple con UNI EN ISO 9001: 2015 y UNI CEI EN ISO 13485: 2021, con 21 CFR 820, 21 CFR 803, 21 CFR 806, y con RDC 665\/2022 para el dise\u00f1o, producci\u00f3n y venta de dispositivos m\u00e9dicos implantables e instrumentos quir\u00fargicos para Ortopedia y Traumatolog\u00eda.<\/p>\n<p>El sistema completo de aseguramiento de la calidad de los productos Citieffe cumple con los requisitos aplicables del Reglamento (UE) 2017\/745.<\/p>\n<p>La calidad de los productos y servicios que ofrece Citieffe representa una garant\u00eda para los pacientes y los profesionales sanitarios; por lo tanto constituye un objetivo estrat\u00e9gico que asegura el mantenimiento de excelentes est\u00e1ndares de producto.<\/p>\n<\/div><\/div><\/div><\/div><\/div><div class=\"fusion-bg-parallax\" data-bg-align=\"center top\" data-direction=\"up\" data-mute=\"false\" data-opacity=\"100\" data-velocity=\"-0.3\" data-mobile-enabled=\"true\" data-break_parents=\"0\" data-bg-image=\"https:\/\/www.citieffe.com\/wp-content\/uploads\/2021\/04\/compliance_Cod-Etico-scaled.jpg\" data-bg-repeat=\"false\" data-blend-mode=\"hue\" ><\/div><div class=\"fusion-fullwidth fullwidth-box fusion-builder-row-3 fusion-flex-container fusion-parallax-up nonhundred-percent-fullwidth non-hundred-percent-height-scrolling\" style=\"--awb-background-position:center top;--awb-background-blend-mode:hue;--awb-border-radius-top-left:0px;--awb-border-radius-top-right:0px;--awb-border-radius-bottom-right:0px;--awb-border-radius-bottom-left:0px;--awb-padding-top:8%;--awb-padding-bottom:8%;--awb-background-image:url(&quot;https:\/\/www.citieffe.com\/wp-content\/uploads\/2021\/04\/compliance_Cod-Etico-scaled.jpg&quot;);--awb-background-size:cover;--awb-flex-wrap:wrap;\" ><div class=\"fusion-builder-row fusion-row fusion-flex-align-items-stretch fusion-flex-justify-content-center fusion-flex-content-wrap\" style=\"max-width:1081.6px;margin-left: calc(-4% \/ 2 );margin-right: calc(-4% \/ 2 );\"><div class=\"fusion-layout-column fusion_builder_column fusion-builder-column-3 fusion_builder_column_2_3 2_3 fusion-flex-column\" style=\"--awb-bg-size:cover;--awb-width-large:66.666666666667%;--awb-margin-top-large:0px;--awb-spacing-right-large:2.88%;--awb-margin-bottom-large:0px;--awb-spacing-left-large:2.88%;--awb-width-medium:100%;--awb-order-medium:0;--awb-spacing-right-medium:1.92%;--awb-spacing-left-medium:1.92%;--awb-width-small:100%;--awb-order-small:0;--awb-spacing-right-small:1.92%;--awb-spacing-left-small:1.92%;\"><div class=\"fusion-column-wrapper fusion-column-has-shadow fusion-flex-justify-content-center fusion-content-layout-column\"><div class=\"fusion-title title fusion-title-3 fusion-sep-none fusion-title-text fusion-title-size-two text-uppercase\" style=\"--awb-margin-top:0px;--awb-margin-bottom:30px;\"><h2 class=\"fusion-title-heading title-heading-left fusion-responsive-typography-calculated\" style=\"margin:0;--fontSize:60;line-height:1.2;\"><span class=\"font-outline\">C\u00f3digo<\/span> \u00e9tico<\/h2><\/div><div class=\"fusion-title title fusion-title-4 fusion-sep-none fusion-title-text fusion-title-size-six\"><h6 class=\"fusion-title-heading title-heading-left fusion-responsive-typography-calculated\" style=\"margin:0;--fontSize:20;--minFontSize:20;line-height:1.5;\">La actividad de Citieffe se inspira en el respeto a los est\u00e1ndares nacionales e internacionales y el respeto a las personas que trabajan dentro o fuera de la estructura. Por ello, la compa\u00f1\u00eda ha plasmado los principios \u00e9ticos que inspiran su actuaci\u00f3n en el documento \u00abC\u00f3digo \u00e9tico\u00bb.<\/h6><\/div><div style=\"text-align:center;\"><a class=\"fusion-button button-flat fusion-button-default-size button-default fusion-button-default button-1 fusion-button-default-span fusion-button-default-type\" target=\"_blank\" rel=\"noopener noreferrer\" href=\"https:\/\/www.citieffe.com\/wp-content\/uploads\/2021\/03\/code_of_ethics.pdf\"><span class=\"fusion-button-text awb-button__text awb-button__text--default\">Descargar pdf<\/span><i class=\"citieffe-scarica awb-button__icon awb-button__icon--default button-icon-right\" aria-hidden=\"true\"><\/i><\/a><\/div><\/div><\/div><\/div><\/div><\/p>\n","protected":false},"excerpt":{"rendered":"","protected":false},"author":2,"featured_media":0,"parent":0,"menu_order":0,"comment_status":"closed","ping_status":"closed","template":"100-width.php","meta":{"footnotes":""},"class_list":["post-3819","page","type-page","status-publish","hentry"],"_links":{"self":[{"href":"https:\/\/www.citieffe.com\/es\/wp-json\/wp\/v2\/pages\/3819","targetHints":{"allow":["GET"]}}],"collection":[{"href":"https:\/\/www.citieffe.com\/es\/wp-json\/wp\/v2\/pages"}],"about":[{"href":"https:\/\/www.citieffe.com\/es\/wp-json\/wp\/v2\/types\/page"}],"author":[{"embeddable":true,"href":"https:\/\/www.citieffe.com\/es\/wp-json\/wp\/v2\/users\/2"}],"replies":[{"embeddable":true,"href":"https:\/\/www.citieffe.com\/es\/wp-json\/wp\/v2\/comments?post=3819"}],"version-history":[{"count":5,"href":"https:\/\/www.citieffe.com\/es\/wp-json\/wp\/v2\/pages\/3819\/revisions"}],"predecessor-version":[{"id":10643,"href":"https:\/\/www.citieffe.com\/es\/wp-json\/wp\/v2\/pages\/3819\/revisions\/10643"}],"wp:attachment":[{"href":"https:\/\/www.citieffe.com\/es\/wp-json\/wp\/v2\/media?parent=3819"}],"curies":[{"name":"wp","href":"https:\/\/api.w.org\/{rel}","templated":true}]}}